{"id":74,"date":"2015-03-03T02:10:34","date_gmt":"2015-03-03T02:10:34","guid":{"rendered":"http:\/\/wp\/enfold-shop\/?page_id=74"},"modified":"2021-03-08T01:35:35","modified_gmt":"2021-03-08T05:35:35","slug":"sobre-mi-soy-cyber-mujer","status":"publish","type":"page","link":"https:\/\/soycybermujer.com\/website\/sobre-mi-soy-cyber-mujer\/","title":{"rendered":"2. Sobre mi"},"content":{"rendered":"<\/div><\/div><\/div><!-- close content main div --><\/div><\/div><div id='av_section_1' class='avia-section main_color avia-section-no-padding avia-no-border-styling avia-full-stretch av-parallax-section avia-bg-style-parallax   av-minimum-height av-minimum-height-100 container_wrap sidebar_right'  data-section-bg-repeat='stretch' ><div class='av-parallax' data-avia-parallax-ratio='0.3' ><div class='av-parallax-inner main_color  avia-full-stretch' style = 'background-repeat: no-repeat; background-image: url(https:\/\/i1.wp.com\/soycybermujer.com\/website\/wp-content\/uploads\/2019\/03\/ErikaMontero.jpg?fit=1600%2C1066&ssl=1); background-attachment: scroll; background-position: center center; ' ><\/div><\/div><div class='container' ><div class='template-page content  av-content-small alpha units'><div class='post-entry post-entry-type-page post-entry-74'><div class='entry-content-wrapper clearfix'>\n<div class=\"flex_column av_one_fifth  flex_column_div av-zero-column-padding first  \" style='border-radius:0px; '><section class=\"av_textblock_section \"  itemscope=\"itemscope\" itemtype=\"https:\/\/schema.org\/CreativeWork\" ><div class='avia_textblock  '   itemprop=\"text\" ><p><span style=\"font-size: 8pt;\">.<\/span><\/p>\n<\/div><\/section><\/div><div class=\"flex_column av_two_fifth  flex_column_div av-zero-column-padding   \" style='border-radius:0px; '><section class=\"av_textblock_section \"  itemscope=\"itemscope\" itemtype=\"https:\/\/schema.org\/CreativeWork\" ><div class='avia_textblock  av_inherit_color '  style='color:#969696; '  itemprop=\"text\" ><p><span style=\"font-size: 8pt;\">.<\/span><\/p>\n<\/div><\/section><\/div><div class=\"flex_column av_two_fifth  avia-full-stretch flex_column_div   \" style='padding:0px 0px 0px 70px ; border-radius:0px; '><section class=\"av_textblock_section \"  itemscope=\"itemscope\" itemtype=\"https:\/\/schema.org\/CreativeWork\" ><div class='avia_textblock  av_inherit_color '  style='color:#005870; '  itemprop=\"text\" ><h3 style=\"text-align: center;\"><span style=\"font-size: 18pt;\"><strong>\u00a1Dedico mi trabajo a ayudar a las mujeres a elevar sus emprendimientos usando la tecnolog\u00eda a su favor! <\/strong><\/span><\/h3>\n<\/div><\/section><\/div>\n<\/div><\/div><\/div><!-- close content main div --><\/div><\/div><div id='after_section_1' class='main_color av_default_container_wrap container_wrap sidebar_right'   ><div class='container' ><div class='template-page content  av-content-small alpha units'><div class='post-entry post-entry-type-page post-entry-74'><div class='entry-content-wrapper clearfix'>\n<\/div><\/div><\/div><!-- close content main div --><\/div><\/div><div id='av_section_2' class='avia-section main_color avia-section-default avia-no-border-styling avia-bg-style-scroll   av-minimum-height av-minimum-height-25 container_wrap sidebar_right'   ><div class='container' ><div class='template-page content  av-content-small alpha units'><div class='post-entry post-entry-type-page post-entry-74'><div class='entry-content-wrapper clearfix'>\n<div style='padding-bottom:10px;color:#353535;font-size:42px;' class='av-special-heading av-special-heading-h3 custom-color-heading blockquote modern-quote modern-centered  av-inherit-size '><h3 class='av-special-heading-tag '  itemprop=\"headline\"  >Te gu\u00edo y ense\u00f1o a utilizar las herramientas digitales que requieres para que tu negocio sea m\u00e1s productivo.<\/h3><div class='special-heading-border'><div class='special-heading-inner-border' style='border-color:#353535'><\/div><\/div><\/div>\n<\/div><\/div><\/div><!-- close content main div --><\/div><\/div><div id='after_section_2' class='main_color av_default_container_wrap container_wrap sidebar_right'   ><div class='container' ><div class='template-page content  av-content-small alpha units'><div class='post-entry post-entry-type-page post-entry-74'><div class='entry-content-wrapper clearfix'>\n<\/div><\/div><\/div><!-- close content main div --><\/div><\/div><div id='av-layout-grid-1' class='av-layout-grid-container entry-content-wrapper main_color av-flex-cells    container_wrap sidebar_right'   >\n<div class=\"flex_cell no_margin av_one_half   \" style='height:400px; min-height:400px;vertical-align:top; padding:150px; background-color:#005870; '><div class='flex_cell_inner' ><p><div style='padding-bottom:10px;color:#ffffff;font-size:30px;' class='av-special-heading av-special-heading-h3 custom-color-heading blockquote modern-quote modern-centered   av-inherit-size '><h3 class='av-special-heading-tag '  itemprop=\"headline\"  >\u00bfPor qu\u00e9 Soy Cyber Mujer?<\/h3><div class='special-heading-border'><div class='special-heading-inner-border' style='border-color:#ffffff'><\/div><\/div><\/div><br \/>\n<div style=' margin-top:30px; margin-bottom:30px;'  class='hr hr-custom hr-left hr-icon-no  '><span class='hr-inner   inner-border-av-border-fat' style=' width:50px;' ><span class='hr-inner-style'><\/span><\/span><\/div><br \/>\n<section class=\"av_textblock_section \"  itemscope=\"itemscope\" itemtype=\"https:\/\/schema.org\/CreativeWork\" ><div class='avia_textblock  av_inherit_color '  style='color:#ffffff; '  itemprop=\"text\" ><p style=\"text-align: justify;\"><span style=\"font-family: verdana, geneva, sans-serif; font-size: 18pt;\">He observado a muchas mujeres sentirse limitadas en el uso de la tecnolog\u00eda, y creo con firmeza que se trata de la actitud que tenemos frente a los cambios.<\/span><\/p>\n<p style=\"text-align: justify;\"><span style=\"font-family: verdana, geneva, sans-serif; font-size: 18pt;\">Desarrollar las habilidades digitales implica aprender a usar programas y equipos que son \u00fatiles para tu emprendimiento y en tu cotidianidad.<\/span><\/p>\n<\/div><\/section><\/p>\n<\/div><\/div><div class=\"flex_cell no_margin av_one_half   avia-full-stretch \" style='height:400px; min-height:400px;background-image:url(https:\/\/i1.wp.com\/soycybermujer.com\/website\/wp-content\/uploads\/2019\/03\/ErikaMonteroSoyCyberMujerBrandingPhotoshootMiamiFLMSuarezPhotography-5955.jpg?fit=686%2C1030&ssl=1); background-position:center center; background-repeat:no-repeat; background-attachment:scroll; vertical-align:top; padding:50px; '><div class='flex_cell_inner' ><\/div><\/div>\n<\/div>\n<\/div><\/div><\/div><!-- close content main div --><\/div><\/div><div id='av-layout-grid-2' class='av-layout-grid-container entry-content-wrapper main_color av-flex-cells    container_wrap sidebar_right'   >\n<div class=\"flex_cell no_margin av_one_half   avia-full-stretch \" style='height:600px; min-height:600px;background-image:url(https:\/\/i0.wp.com\/soycybermujer.com\/website\/wp-content\/uploads\/2019\/03\/Webpage-.jpeg?fit=1030%2C863&ssl=1); background-position:center left; background-repeat:no-repeat; background-attachment:scroll; vertical-align:middle; padding:50px; '><div class='flex_cell_inner' ><\/div><\/div><div class=\"flex_cell no_margin av_one_half   \" style='height:600px; min-height:600px;vertical-align:middle; padding:150px; '><div class='flex_cell_inner' ><p><div style='padding-bottom:10px;font-size:30px;' class='av-special-heading av-special-heading-h3  blockquote modern-quote   av-inherit-size '><h3 class='av-special-heading-tag '  itemprop=\"headline\"  >Soy Cyber Mujer quiere conectarte con el mundo tecnol\u00f3gico.<\/h3><div class='special-heading-border'><div class='special-heading-inner-border' ><\/div><\/div><\/div><br \/>\n<div style=' margin-top:30px; margin-bottom:30px;'  class='hr hr-custom hr-left hr-icon-no  '><span class='hr-inner   inner-border-av-border-fat' style=' width:50px;' ><span class='hr-inner-style'><\/span><\/span><\/div><br \/>\n<section class=\"av_textblock_section \"  itemscope=\"itemscope\" itemtype=\"https:\/\/schema.org\/CreativeWork\" ><div class='avia_textblock  '   itemprop=\"text\" ><p style=\"text-align: justify;\"><span style=\"font-family: verdana, geneva, sans-serif; font-size: 18pt;\">Descubre las ventajas que te ofrece el mundo digital de hoy en lo personal y profesional.<\/span><\/p>\n<\/div><\/section><\/p>\n<\/div><\/div>\n<\/div>\n<\/div><\/div><\/div><!-- close content main div --><\/div><\/div><div id='av-layout-grid-3' class='av-layout-grid-container entry-content-wrapper main_color av-flex-cells    container_wrap sidebar_right'   >\n<div class=\"flex_cell no_margin av_one_half   \" style='height:600px; min-height:600px;vertical-align:middle; padding:150px; background-color:#f6891f; '><div class='flex_cell_inner' ><p><div style='padding-bottom:10px;color:#ffffff;font-size:30px;' class='av-special-heading av-special-heading-h3 custom-color-heading blockquote modern-quote   av-inherit-size '><h3 class='av-special-heading-tag '  itemprop=\"headline\"  >Soy Cyber Mujer combina mi esp\u00edritu emprendedor, mi deseo de aprender constantemente y mi curiosidad infinita por la tecnolog\u00eda. <\/h3><div class='special-heading-border'><div class='special-heading-inner-border' style='border-color:#ffffff'><\/div><\/div><\/div><br \/>\n<div style=' margin-top:30px; margin-bottom:30px;'  class='hr hr-custom hr-left hr-icon-no  '><span class='hr-inner   inner-border-av-border-fat' style=' width:50px; border-color:#ffffff;' ><span class='hr-inner-style'><\/span><\/span><\/div><br \/>\n<section class=\"av_textblock_section \"  itemscope=\"itemscope\" itemtype=\"https:\/\/schema.org\/CreativeWork\" ><div class='avia_textblock  av_inherit_color '  style='color:#ffffff; '  itemprop=\"text\" ><p style=\"text-align: justify;\"><span style=\"font-family: verdana, geneva, sans-serif; font-size: 18pt;\">He encontrado que esta f\u00f3rmula me lleva de forma constante por caminos que siempre conducen a conectar con otros y a crecer exponencialmente.<\/span><\/p>\n<\/div><\/section><\/p>\n<\/div><\/div><div class=\"flex_cell no_margin av_one_half   avia-full-stretch \" style='height:600px; min-height:600px;background-image:url(https:\/\/i0.wp.com\/soycybermujer.com\/website\/wp-content\/uploads\/2019\/03\/ErikaMonteroSoyCyberMujerBrandingPhotoshootMiamiFLMSuarezPhotography-5964.jpg?fit=686%2C1030&ssl=1); background-position:center center; background-repeat:no-repeat; background-attachment:scroll; vertical-align:top; padding:50px; '><div class='flex_cell_inner' ><\/div><\/div>\n<\/div>\n<\/div><\/div><\/div><!-- close content main div --><\/div><\/div><div id='av_section_3' class='avia-section alternate_color avia-section-large avia-no-border-styling avia-bg-style-scroll   container_wrap sidebar_right'   ><div class='container' ><div class='template-page content  av-content-small alpha units'><div class='post-entry post-entry-type-page post-entry-74'><div class='entry-content-wrapper clearfix'>\n<div style='padding-bottom:10px;font-size:40px;' class='av-special-heading av-special-heading-h3  blockquote modern-quote modern-centered   av-inherit-size '><h3 class='av-special-heading-tag '  itemprop=\"headline\"  >\u00bfQuieres saber sobre mi?<\/h3><div class='special-heading-border'><div class='special-heading-inner-border' ><\/div><\/div><\/div>\n<div style=' margin-top:30px; margin-bottom:30px;'  class='hr hr-custom hr-center hr-icon-no  '><span class='hr-inner   inner-border-av-border-fat' style=' width:50px;' ><span class='hr-inner-style'><\/span><\/span><\/div>\n<div class=\"flex_column av_one_half  flex_column_div first  \" ><article class=\"iconbox iconbox_left_content    \"  itemscope=\"itemscope\" itemtype=\"https:\/\/schema.org\/CreativeWork\" ><div class=\"iconbox_icon heading-color \" aria-hidden='true' data-av_icon='\ue807' data-av_iconfont='entypo-fontello'  ><\/div><div class=\"iconbox_content\"><header class=\"entry-content-header\"><h3 class='iconbox_content_title '  itemprop=\"headline\"  >Cuando era ni\u00f1a<\/h3><\/header><div class='iconbox_content_container  '  itemprop=\"text\"  ><p style=\"text-align: justify;\"><span style=\"font-family: verdana, geneva, sans-serif;\">Mi mam\u00e1 cuenta que yo aprend\u00ed a leer sola a los 4 a\u00f1os, yo no se si sea cierto o si es parte de la leyenda familiar, lo que s\u00ed es un hecho es que siempre me ha gustado estudiar.<\/span><\/p>\n<\/div><\/div><footer class=\"entry-footer\"><\/footer><\/article><\/div><div class=\"flex_column av_one_half  flex_column_div av-zero-column-padding   \" style='border-radius:0px; '><article class=\"iconbox iconbox_left_content    \"  itemscope=\"itemscope\" itemtype=\"https:\/\/schema.org\/CreativeWork\" ><div class=\"iconbox_icon heading-color \" aria-hidden='true' data-av_icon='\ue84e' data-av_iconfont='entypo-fontello'  ><\/div><div class=\"iconbox_content\"><header class=\"entry-content-header\"><h3 class='iconbox_content_title '  itemprop=\"headline\"  >Sobre mis estudios<\/h3><\/header><div class='iconbox_content_container  '  itemprop=\"text\"  ><p style=\"text-align: justify;\"><span style=\"font-family: verdana, geneva, sans-serif;\">Tengo una carrera universitaria en Relaciones Industriales, y varios t\u00edtulos de postgrado: Especializaci\u00f3n en Desarrollo Organizacional, M\u00e1ster en Direcci\u00f3n Estrat\u00e9gica de Recursos Humanos, Especializaci\u00f3n y Maestr\u00eda en Entornos Virtuales de Aprendizaje.<\/span><\/p>\n<\/div><\/div><footer class=\"entry-footer\"><\/footer><\/article><\/div><div class=\"flex_column av_one_half  flex_column_div first  \" ><article class=\"iconbox iconbox_left_content    \"  itemscope=\"itemscope\" itemtype=\"https:\/\/schema.org\/CreativeWork\" ><div class=\"iconbox_icon heading-color \" aria-hidden='true' data-av_icon='\ue812' data-av_iconfont='entypo-fontello'  ><\/div><div class=\"iconbox_content\"><header class=\"entry-content-header\"><h3 class='iconbox_content_title '  itemprop=\"headline\"  >Segu\u00ed estudiando<\/h3><\/header><div class='iconbox_content_container  '  itemprop=\"text\"  ><p style=\"text-align: justify;\"><span style=\"font-family: verdana, geneva, sans-serif;\">He estudiado programaci\u00f3n neuroling\u00fcistica, aprendizaje acelarado de adultos, din\u00e1micas de grupos, desarrollo de competencias, etc., en fin me declaro una eterna estudiante.<\/span><\/p>\n<\/div><\/div><footer class=\"entry-footer\"><\/footer><\/article><\/div><div class=\"flex_column av_one_half  flex_column_div av-zero-column-padding   \" style='border-radius:0px; '><article class=\"iconbox iconbox_left_content    \"  itemscope=\"itemscope\" itemtype=\"https:\/\/schema.org\/CreativeWork\" ><div class=\"iconbox_icon heading-color \" aria-hidden='true' data-av_icon='\ue840' data-av_iconfont='entypo-fontello'  ><\/div><div class=\"iconbox_content\"><header class=\"entry-content-header\"><h3 class='iconbox_content_title '  itemprop=\"headline\"  >Estuve empleada<\/h3><\/header><div class='iconbox_content_container  '  itemprop=\"text\"  ><p style=\"text-align: justify;\"><span style=\"font-family: verdana, geneva, sans-serif;\">Trabaj\u00e9 por 10 a\u00f1os para una importante empresa en mi pa\u00eds (Venezuela) y desarroll\u00e9 una exitosa carrera profesional.\u00a0<\/span><\/p>\n<\/div><\/div><footer class=\"entry-footer\"><\/footer><\/article><\/div><div class=\"flex_column av_one_half  flex_column_div first  \" ><article class=\"iconbox iconbox_left_content    \"  itemscope=\"itemscope\" itemtype=\"https:\/\/schema.org\/CreativeWork\" ><div class=\"iconbox_icon heading-color \" aria-hidden='true' data-av_icon='\ue8b1' data-av_iconfont='entypo-fontello'  ><\/div><div class=\"iconbox_content\"><header class=\"entry-content-header\"><h3 class='iconbox_content_title '  itemprop=\"headline\"  >Sobre mis decisiones<\/h3><\/header><div class='iconbox_content_container  '  itemprop=\"text\"  ><p style=\"text-align: justify;\"><span style=\"font-family: verdana, geneva, sans-serif;\">En un momento de mi vida sent\u00ed la necesidad de encontrar un mejor balance familiar y profesional, y tom\u00e9 la decisi\u00f3n de abrirme a la experiencia del emprendimiento.<\/span><\/p>\n<\/div><\/div><footer class=\"entry-footer\"><\/footer><\/article><\/div><div class=\"flex_column av_one_half  flex_column_div av-zero-column-padding   \" style='border-radius:0px; '><article class=\"iconbox iconbox_left_content    \"  itemscope=\"itemscope\" itemtype=\"https:\/\/schema.org\/CreativeWork\" ><div class=\"iconbox_icon heading-color \" aria-hidden='true' data-av_icon='\ue866' data-av_iconfont='entypo-fontello'  ><\/div><div class=\"iconbox_content\"><header class=\"entry-content-header\"><h3 class='iconbox_content_title '  itemprop=\"headline\"  >Soy emprendedora<\/h3><\/header><div class='iconbox_content_container  '  itemprop=\"text\"  ><p style=\"text-align: justify;\"><span style=\"font-family: verdana, geneva, sans-serif;\">Tengo una empresa de consultor\u00eda y formaci\u00f3n virtual y presencial, un negocio digital en sociedad con amigos y colegas que me ha regalado la vida. Y ahora decid\u00ed emprender por mi cuenta Soy Cyber Mujer.<\/span><\/p>\n<\/div><\/div><footer class=\"entry-footer\"><\/footer><\/article><\/div><div style='padding-bottom:10px;font-size:49px;' class='av-special-heading av-special-heading-h3  blockquote modern-quote modern-centered   av-inherit-size '><h3 class='av-special-heading-tag '  itemprop=\"headline\"  >\u00a1Y sigo estudiando, aprendiendo y creciendo!<\/h3><div class='special-heading-border'><div class='special-heading-inner-border' ><\/div><\/div><\/div>\n<\/div><\/div><\/div><!-- close content main div --><\/div><\/div><div id='after_section_3' class='main_color av_default_container_wrap container_wrap sidebar_right'   ><div class='container' ><div class='template-page content  av-content-small alpha units'><div class='post-entry post-entry-type-page post-entry-74'><div class='entry-content-wrapper clearfix'><\/div><\/div><\/div><!-- close content main div --><\/div><\/div><div id='sign-up' class='avia-section main_color avia-section-default avia-no-shadow avia-full-stretch av-parallax-section av-section-color-overlay-active avia-bg-style-parallax   container_wrap sidebar_right' style = 'background-color: #f2f2f2; ' data-section-bg-repeat='stretch' ><div class='av-parallax' data-avia-parallax-ratio='0.3' ><div class='av-parallax-inner main_color  avia-full-stretch' style = 'background-color: #f2f2f2; background-repeat: no-repeat; background-image: url(https:\/\/i1.wp.com\/soycybermujer.com\/website\/wp-content\/uploads\/2013\/04\/OEOISM0.jpg?resize=1210%2C423&ssl=1); background-attachment: scroll; background-position: top center; ' ><\/div><\/div><div class='av-section-color-overlay-wrap'><div class='av-section-color-overlay' style='opacity: 0.5; background-color: #f47f2a; '><\/div><div class='container' ><div class='template-page content  av-content-small alpha units'><div class='post-entry post-entry-type-page post-entry-74'><div class='entry-content-wrapper clearfix'>\n<div style='padding-bottom:10px;color:#005870;font-size:30px;' class='av-special-heading av-special-heading-h3 custom-color-heading blockquote modern-quote modern-centered   av-inherit-size '><h3 class='av-special-heading-tag '  itemprop=\"headline\"  >\u00bfQuieres estar al d\u00eda? \u00a1Suscr\u00edbete y forma parte de la comunidad!<\/h3><div class='special-heading-border'><div class='special-heading-inner-border' style='border-color:#005870'><\/div><\/div><\/div>\n<div style='height:50px' class='hr hr-invisible  '><span class='hr-inner ' ><span class='hr-inner-style'><\/span><\/span><\/div>\n<div class=\"flex_column av_one_half  flex_column_div av-zero-column-padding first  \" style='border-radius:0px; '><p><div style='padding-bottom:18px;font-size:20px;' class='av-special-heading av-special-heading-h3  blockquote modern-quote modern-centered   av-inherit-size '><h3 class='av-special-heading-tag '  itemprop=\"headline\"  >Kit de Herramientas Digitales<\/h3><div class='special-heading-border'><div class='special-heading-inner-border' ><\/div><\/div><\/div><br \/>\n<section class=\"av_textblock_section \"  itemscope=\"itemscope\" itemtype=\"https:\/\/schema.org\/CreativeWork\" ><div class='avia_textblock  av_inherit_color '  style='color:#005870; '  itemprop=\"text\" ><h4 style=\"text-align: center;\"><span style=\"font-family: verdana, geneva, sans-serif; font-size: 14pt;\">Quiero la gu\u00eda para ser m\u00e1s productiva en mi emprendimiento.<\/span><\/h4>\n<\/div><\/section><br \/>\n<div class='avia-button-wrap avia-button-center '><a href='https:\/\/soycybermujer.lpages.co\/kit-de-herramientas-digitales\/' class='avia-button   avia-icon_select-yes-left-icon avia-color-custom avia-size-large avia-position-center '  target=\"_blank\"  style='background-color:#f6891f; border-color:#f6891f; color:#ffffff; ' ><span class='avia_button_icon avia_button_icon_left ' aria-hidden='true' data-av_icon='\ue8ac' data-av_iconfont='entypo-fontello'><\/span><span class='avia_iconbox_title' >Si, yo quiero<\/span><\/a><\/div><\/p><\/div><div class=\"flex_column av_one_half  flex_column_div av-zero-column-padding   \" style='border-radius:0px; '><p><div style='padding-bottom:14px;font-size:20px;' class='av-special-heading av-special-heading-h3  blockquote modern-quote modern-centered  av-inherit-size '><h3 class='av-special-heading-tag '  itemprop=\"headline\"  >Quiero el Mapa de Ruta de mi Curso Online<\/h3><div class='special-heading-border'><div class='special-heading-inner-border' ><\/div><\/div><\/div><br \/>\n<section class=\"av_textblock_section \"  itemscope=\"itemscope\" itemtype=\"https:\/\/schema.org\/CreativeWork\" ><div class='avia_textblock  av_inherit_color '  style='color:#005870; '  itemprop=\"text\" ><h4 style=\"text-align: center;\"><span style=\"font-family: verdana, geneva, sans-serif; font-size: 14pt;\">Quiero identificar los pasos a seguir para crear cursos online exitosos.<\/span><\/h4>\n<\/div><\/section><br \/>\n<div class='avia-button-wrap avia-button-center '><a href='https:\/\/soycybermujer.lpages.co\/ebook-mapa-de-ruta-curso-online\/' class='avia-button   avia-icon_select-yes-left-icon avia-color-custom avia-size-large avia-position-center '  target=\"_blank\"  style='background-color:#f6891f; border-color:#f6891f; color:#ffffff; ' ><span class='avia_button_icon avia_button_icon_left ' aria-hidden='true' data-av_icon='\ue8ab' data-av_iconfont='entypo-fontello'><\/span><span class='avia_iconbox_title' >Si, yo quiero<\/span><\/a><\/div><\/p><\/div><\/div><\/div><\/div><!-- close content main div --><\/div><\/div><\/div><div id='after_section_4' class='main_color av_default_container_wrap container_wrap sidebar_right'   ><div class='container' ><div class='template-page content  av-content-small alpha units'><div class='post-entry post-entry-type-page post-entry-74'><div class='entry-content-wrapper clearfix'><\/p>\n","protected":false},"excerpt":{"rendered":"","protected":false},"author":3,"featured_media":0,"parent":0,"menu_order":0,"comment_status":"closed","ping_status":"open","template":"","meta":{"spay_email":"","footnotes":""},"class_list":["post-74","page","type-page","status-publish","hentry"],"jetpack_sharing_enabled":true,"jetpack_shortlink":"https:\/\/wp.me\/P94pQk-1c","jetpack-related-posts":[{"id":4255,"url":"https:\/\/soycybermujer.com\/website\/descarga-ebook-crea-tu-curso-online\/","url_meta":{"origin":74,"position":0},"title":"Descarga ebook Crea tu curso online","date":"enero 18, 2018","format":false,"excerpt":"","rel":"","context":"Entrada similar","img":{"alt_text":"","src":"","width":0,"height":0},"classes":[]},{"id":3732,"url":"https:\/\/soycybermujer.com\/website\/aprende-conmigo\/","url_meta":{"origin":74,"position":1},"title":"3. Aprende conmigo","date":"octubre 29, 2017","format":false,"excerpt":"This is a Page excerpt. It will be displayed for search results","rel":"","context":"Entrada similar","img":{"alt_text":"","src":"","width":0,"height":0},"classes":[]},{"id":1108,"url":"https:\/\/soycybermujer.com\/website\/","url_meta":{"origin":74,"position":2},"title":"1. Home Soy Cyber Mujer","date":"abril 4, 2013","format":false,"excerpt":"This is a Page excerpt. It will be displayed for search results","rel":"","context":"Con 1 comentario","img":{"alt_text":"","src":"","width":0,"height":0},"classes":[]}],"_links":{"self":[{"href":"https:\/\/soycybermujer.com\/website\/wp-json\/wp\/v2\/pages\/74","targetHints":{"allow":["GET"]}}],"collection":[{"href":"https:\/\/soycybermujer.com\/website\/wp-json\/wp\/v2\/pages"}],"about":[{"href":"https:\/\/soycybermujer.com\/website\/wp-json\/wp\/v2\/types\/page"}],"author":[{"embeddable":true,"href":"https:\/\/soycybermujer.com\/website\/wp-json\/wp\/v2\/users\/3"}],"replies":[{"embeddable":true,"href":"https:\/\/soycybermujer.com\/website\/wp-json\/wp\/v2\/comments?post=74"}],"version-history":[{"count":36,"href":"https:\/\/soycybermujer.com\/website\/wp-json\/wp\/v2\/pages\/74\/revisions"}],"predecessor-version":[{"id":4822,"href":"https:\/\/soycybermujer.com\/website\/wp-json\/wp\/v2\/pages\/74\/revisions\/4822"}],"wp:attachment":[{"href":"https:\/\/soycybermujer.com\/website\/wp-json\/wp\/v2\/media?parent=74"}],"curies":[{"name":"wp","href":"https:\/\/api.w.org\/{rel}","templated":true}]}}